{"id":122,"date":"2025-11-24T13:03:53","date_gmt":"2025-11-24T13:03:53","guid":{"rendered":"https:\/\/www.congiu-advisory.fr\/?page_id=122"},"modified":"2025-12-21T20:23:46","modified_gmt":"2025-12-21T20:23:46","slug":"mentions-legales","status":"publish","type":"page","link":"https:\/\/www.congiu-advisory.fr\/index.php\/mentions-legales\/","title":{"rendered":"Mentions l\u00e9gales"},"content":{"rendered":"\n<p><\/p>\n\n\n\n<p class=\"has-michroma-font-family\"><\/p>\n\n\n\n<h2 class=\"kt-adv-heading122_caf508-e1 wp-block-kadence-advancedheading\" data-kb-block=\"kb-adv-heading122_caf508-e1\">Conform\u00e9ment aux dispositions de la loi n\u00b0 2004-575 du 21 juin 2004 pour la confiance en l\u2019\u00e9conomie num\u00e9rique, il est pr\u00e9cis\u00e9 aux utilisateurs du&nbsp;<a href=\"https:\/\/www.congiu-advisory.fr\">https:\/\/www.congiu-advisory.fr<\/a>&nbsp;l\u2019identit\u00e9 des diff\u00e9rents intervenants dans le cadre de sa r\u00e9alisation et de son suivi.<\/h2>\n\n\n\n<p class=\"has-manrope-font-family\"><strong>Identification<\/strong><\/p>\n\n\n\n<p class=\"has-manrope-font-family\">Le site&nbsp;<a href=\"https:\/\/www.congiu-advisory.fr\">https:\/\/www.congiu-advisory.fr<\/a>&nbsp;est \u00e9dit\u00e9 par ADVISEO, EURL au capital de 1 000 euros.<\/p>\n\n\n\n<ul class=\"wp-block-list\">\n<li class=\"has-manrope-font-family\">Si\u00e8ge social : 27 rue de ROME 75008 PARIS<\/li>\n\n\n\n<li class=\"has-manrope-font-family\">E-mail de contact : contact@congiu-advisory.fr<\/li>\n\n\n\n<li class=\"has-manrope-font-family\">Siret : 84420441200036<\/li>\n\n\n\n<li class=\"has-manrope-font-family\">Immatriculation RCS : 844 204 412<\/li>\n<\/ul>\n\n\n\n<p class=\"has-manrope-font-family\"><strong>Responsable de publication<\/strong><\/p>\n\n\n\n<ul class=\"wp-block-list\">\n<li class=\"has-manrope-font-family\">Mickael CONGIU<\/li>\n\n\n\n<li class=\"has-manrope-font-family\">Mail :&nbsp;contact@congiu-advisory.fr<\/li>\n<\/ul>\n\n\n\n<p class=\"has-manrope-font-family\"><strong>H\u00e9bergeur<\/strong><\/p>\n\n\n\n<p class=\"has-manrope-font-family\">Le site&nbsp;<a href=\"https:\/\/www.congiu-advisory.fr\">https:\/\/www.congiu-advisory.fr<\/a>&nbsp;est h\u00e9berg\u00e9 par :<\/p>\n\n\n\n<ul class=\"wp-block-list\">\n<li class=\"has-manrope-font-family\">OVH\n<ul class=\"wp-block-list\">\n<li>Adresse : 2 rue Kellermann &#8211; 59100 Roubaix &#8211; France<\/li>\n\n\n\n<li>T\u00e9l\u00e9phone : 10 07<\/li>\n<\/ul>\n<\/li>\n<\/ul>\n\n\n\n<p class=\"has-manrope-font-family\"><strong>Nous contacter<\/strong><\/p>\n\n\n\n<ul class=\"wp-block-list\">\n<li class=\"has-manrope-font-family\">Par email : contact@congiu-advisory.fr<\/li>\n<\/ul>\n\n\n\n<p><\/p>\n","protected":false},"excerpt":{"rendered":"<p>Conform\u00e9ment aux dispositions de la loi n\u00b0 2004-575 du 21 juin 2004 pour la confiance en l\u2019\u00e9conomie num\u00e9rique, il est pr\u00e9cis\u00e9 aux utilisateurs du&nbsp;https:\/\/www.congiu-advisory.fr&nbsp;l\u2019identit\u00e9 des diff\u00e9rents intervenants dans le cadre de sa r\u00e9alisation et de son suivi. Identification Le site&nbsp;https:\/\/www.congiu-advisory.fr&nbsp;est \u00e9dit\u00e9 par ADVISEO, EURL au capital de 1 000 euros. Responsable de publication H\u00e9bergeur Le [&hellip;]<\/p>\n","protected":false},"author":1,"featured_media":2285,"parent":0,"menu_order":0,"comment_status":"closed","ping_status":"closed","template":"","meta":{"_uag_custom_page_level_css":"","footnotes":""},"class_list":["post-122","page","type-page","status-publish","has-post-thumbnail","hentry"],"yoast_head":"<!-- This site is optimized with the Yoast SEO plugin v27.3 - https:\/\/yoast.com\/product\/yoast-seo-wordpress\/ -->\n<title>Mentions l\u00e9gales - CONGIU ADVISORY<\/title>\n<meta name=\"robots\" content=\"index, follow, max-snippet:-1, max-image-preview:large, max-video-preview:-1\" \/>\n<link rel=\"canonical\" href=\"https:\/\/www.congiu-advisory.fr\/index.php\/mentions-legales\/\" \/>\n<meta property=\"og:locale\" content=\"fr_FR\" \/>\n<meta property=\"og:type\" content=\"article\" \/>\n<meta property=\"og:title\" content=\"Mentions l\u00e9gales - CONGIU ADVISORY\" \/>\n<meta property=\"og:description\" content=\"Conform\u00e9ment aux dispositions de la loi n\u00b0 2004-575 du 21 juin 2004 pour la confiance en l\u2019\u00e9conomie num\u00e9rique, il est pr\u00e9cis\u00e9 aux utilisateurs du&nbsp;https:\/\/www.congiu-advisory.fr&nbsp;l\u2019identit\u00e9 des diff\u00e9rents intervenants dans le cadre de sa r\u00e9alisation et de son suivi. Identification Le site&nbsp;https:\/\/www.congiu-advisory.fr&nbsp;est \u00e9dit\u00e9 par ADVISEO, EURL au capital de 1 000 euros. Responsable de publication H\u00e9bergeur Le [&hellip;]\" \/>\n<meta property=\"og:url\" content=\"https:\/\/www.congiu-advisory.fr\/index.php\/mentions-legales\/\" \/>\n<meta property=\"og:site_name\" content=\"CONGIU ADVISORY\" \/>\n<meta property=\"article:modified_time\" content=\"2025-12-21T20:23:46+00:00\" \/>\n<meta property=\"og:image\" content=\"https:\/\/www.congiu-advisory.fr\/wp-content\/uploads\/2025\/12\/ChatGPT-Image-21-dec.-2025-18_23_12.png\" \/>\n\t<meta property=\"og:image:width\" content=\"1536\" \/>\n\t<meta property=\"og:image:height\" content=\"1024\" \/>\n\t<meta property=\"og:image:type\" content=\"image\/png\" \/>\n<meta name=\"twitter:card\" content=\"summary_large_image\" \/>\n<meta name=\"twitter:label1\" content=\"Dur\u00e9e de lecture estim\u00e9e\" \/>\n\t<meta name=\"twitter:data1\" content=\"1 minute\" \/>\n<script type=\"application\/ld+json\" class=\"yoast-schema-graph\">{\"@context\":\"https:\\\/\\\/schema.org\",\"@graph\":[{\"@type\":\"WebPage\",\"@id\":\"https:\\\/\\\/www.congiu-advisory.fr\\\/index.php\\\/mentions-legales\\\/\",\"url\":\"https:\\\/\\\/www.congiu-advisory.fr\\\/index.php\\\/mentions-legales\\\/\",\"name\":\"Mentions l\u00e9gales - CONGIU ADVISORY\",\"isPartOf\":{\"@id\":\"https:\\\/\\\/www.congiu-advisory.fr\\\/#website\"},\"primaryImageOfPage\":{\"@id\":\"https:\\\/\\\/www.congiu-advisory.fr\\\/index.php\\\/mentions-legales\\\/#primaryimage\"},\"image\":{\"@id\":\"https:\\\/\\\/www.congiu-advisory.fr\\\/index.php\\\/mentions-legales\\\/#primaryimage\"},\"thumbnailUrl\":\"https:\\\/\\\/www.congiu-advisory.fr\\\/wp-content\\\/uploads\\\/2025\\\/12\\\/ChatGPT-Image-21-dec.-2025-18_23_12.png\",\"datePublished\":\"2025-11-24T13:03:53+00:00\",\"dateModified\":\"2025-12-21T20:23:46+00:00\",\"breadcrumb\":{\"@id\":\"https:\\\/\\\/www.congiu-advisory.fr\\\/index.php\\\/mentions-legales\\\/#breadcrumb\"},\"inLanguage\":\"fr-FR\",\"potentialAction\":[{\"@type\":\"ReadAction\",\"target\":[\"https:\\\/\\\/www.congiu-advisory.fr\\\/index.php\\\/mentions-legales\\\/\"]}]},{\"@type\":\"ImageObject\",\"inLanguage\":\"fr-FR\",\"@id\":\"https:\\\/\\\/www.congiu-advisory.fr\\\/index.php\\\/mentions-legales\\\/#primaryimage\",\"url\":\"https:\\\/\\\/www.congiu-advisory.fr\\\/wp-content\\\/uploads\\\/2025\\\/12\\\/ChatGPT-Image-21-dec.-2025-18_23_12.png\",\"contentUrl\":\"https:\\\/\\\/www.congiu-advisory.fr\\\/wp-content\\\/uploads\\\/2025\\\/12\\\/ChatGPT-Image-21-dec.-2025-18_23_12.png\",\"width\":1536,\"height\":1024},{\"@type\":\"BreadcrumbList\",\"@id\":\"https:\\\/\\\/www.congiu-advisory.fr\\\/index.php\\\/mentions-legales\\\/#breadcrumb\",\"itemListElement\":[{\"@type\":\"ListItem\",\"position\":1,\"name\":\"Accueil\",\"item\":\"https:\\\/\\\/www.congiu-advisory.fr\\\/\"},{\"@type\":\"ListItem\",\"position\":2,\"name\":\"Mentions l\u00e9gales\"}]},{\"@type\":\"WebSite\",\"@id\":\"https:\\\/\\\/www.congiu-advisory.fr\\\/#website\",\"url\":\"https:\\\/\\\/www.congiu-advisory.fr\\\/\",\"name\":\"CONGIU ADVISORY\",\"description\":\"\",\"publisher\":{\"@id\":\"https:\\\/\\\/www.congiu-advisory.fr\\\/#organization\"},\"potentialAction\":[{\"@type\":\"SearchAction\",\"target\":{\"@type\":\"EntryPoint\",\"urlTemplate\":\"https:\\\/\\\/www.congiu-advisory.fr\\\/?s={search_term_string}\"},\"query-input\":{\"@type\":\"PropertyValueSpecification\",\"valueRequired\":true,\"valueName\":\"search_term_string\"}}],\"inLanguage\":\"fr-FR\"},{\"@type\":\"Organization\",\"@id\":\"https:\\\/\\\/www.congiu-advisory.fr\\\/#organization\",\"name\":\"CONGIU ADVISORY\",\"url\":\"https:\\\/\\\/www.congiu-advisory.fr\\\/\",\"logo\":{\"@type\":\"ImageObject\",\"inLanguage\":\"fr-FR\",\"@id\":\"https:\\\/\\\/www.congiu-advisory.fr\\\/#\\\/schema\\\/logo\\\/image\\\/\",\"url\":\"https:\\\/\\\/www.congiu-advisory.fr\\\/wp-content\\\/uploads\\\/2025\\\/11\\\/logo-congiu.png\",\"contentUrl\":\"https:\\\/\\\/www.congiu-advisory.fr\\\/wp-content\\\/uploads\\\/2025\\\/11\\\/logo-congiu.png\",\"width\":378,\"height\":71,\"caption\":\"CONGIU ADVISORY\"},\"image\":{\"@id\":\"https:\\\/\\\/www.congiu-advisory.fr\\\/#\\\/schema\\\/logo\\\/image\\\/\"}}]}<\/script>\n<!-- \/ Yoast SEO plugin. -->","yoast_head_json":{"title":"Mentions l\u00e9gales - CONGIU ADVISORY","robots":{"index":"index","follow":"follow","max-snippet":"max-snippet:-1","max-image-preview":"max-image-preview:large","max-video-preview":"max-video-preview:-1"},"canonical":"https:\/\/www.congiu-advisory.fr\/index.php\/mentions-legales\/","og_locale":"fr_FR","og_type":"article","og_title":"Mentions l\u00e9gales - CONGIU ADVISORY","og_description":"Conform\u00e9ment aux dispositions de la loi n\u00b0 2004-575 du 21 juin 2004 pour la confiance en l\u2019\u00e9conomie num\u00e9rique, il est pr\u00e9cis\u00e9 aux utilisateurs du&nbsp;https:\/\/www.congiu-advisory.fr&nbsp;l\u2019identit\u00e9 des diff\u00e9rents intervenants dans le cadre de sa r\u00e9alisation et de son suivi. Identification Le site&nbsp;https:\/\/www.congiu-advisory.fr&nbsp;est \u00e9dit\u00e9 par ADVISEO, EURL au capital de 1 000 euros. Responsable de publication H\u00e9bergeur Le [&hellip;]","og_url":"https:\/\/www.congiu-advisory.fr\/index.php\/mentions-legales\/","og_site_name":"CONGIU ADVISORY","article_modified_time":"2025-12-21T20:23:46+00:00","og_image":[{"width":1536,"height":1024,"url":"https:\/\/www.congiu-advisory.fr\/wp-content\/uploads\/2025\/12\/ChatGPT-Image-21-dec.-2025-18_23_12.png","type":"image\/png"}],"twitter_card":"summary_large_image","twitter_misc":{"Dur\u00e9e de lecture estim\u00e9e":"1 minute"},"schema":{"@context":"https:\/\/schema.org","@graph":[{"@type":"WebPage","@id":"https:\/\/www.congiu-advisory.fr\/index.php\/mentions-legales\/","url":"https:\/\/www.congiu-advisory.fr\/index.php\/mentions-legales\/","name":"Mentions l\u00e9gales - CONGIU ADVISORY","isPartOf":{"@id":"https:\/\/www.congiu-advisory.fr\/#website"},"primaryImageOfPage":{"@id":"https:\/\/www.congiu-advisory.fr\/index.php\/mentions-legales\/#primaryimage"},"image":{"@id":"https:\/\/www.congiu-advisory.fr\/index.php\/mentions-legales\/#primaryimage"},"thumbnailUrl":"https:\/\/www.congiu-advisory.fr\/wp-content\/uploads\/2025\/12\/ChatGPT-Image-21-dec.-2025-18_23_12.png","datePublished":"2025-11-24T13:03:53+00:00","dateModified":"2025-12-21T20:23:46+00:00","breadcrumb":{"@id":"https:\/\/www.congiu-advisory.fr\/index.php\/mentions-legales\/#breadcrumb"},"inLanguage":"fr-FR","potentialAction":[{"@type":"ReadAction","target":["https:\/\/www.congiu-advisory.fr\/index.php\/mentions-legales\/"]}]},{"@type":"ImageObject","inLanguage":"fr-FR","@id":"https:\/\/www.congiu-advisory.fr\/index.php\/mentions-legales\/#primaryimage","url":"https:\/\/www.congiu-advisory.fr\/wp-content\/uploads\/2025\/12\/ChatGPT-Image-21-dec.-2025-18_23_12.png","contentUrl":"https:\/\/www.congiu-advisory.fr\/wp-content\/uploads\/2025\/12\/ChatGPT-Image-21-dec.-2025-18_23_12.png","width":1536,"height":1024},{"@type":"BreadcrumbList","@id":"https:\/\/www.congiu-advisory.fr\/index.php\/mentions-legales\/#breadcrumb","itemListElement":[{"@type":"ListItem","position":1,"name":"Accueil","item":"https:\/\/www.congiu-advisory.fr\/"},{"@type":"ListItem","position":2,"name":"Mentions l\u00e9gales"}]},{"@type":"WebSite","@id":"https:\/\/www.congiu-advisory.fr\/#website","url":"https:\/\/www.congiu-advisory.fr\/","name":"CONGIU ADVISORY","description":"","publisher":{"@id":"https:\/\/www.congiu-advisory.fr\/#organization"},"potentialAction":[{"@type":"SearchAction","target":{"@type":"EntryPoint","urlTemplate":"https:\/\/www.congiu-advisory.fr\/?s={search_term_string}"},"query-input":{"@type":"PropertyValueSpecification","valueRequired":true,"valueName":"search_term_string"}}],"inLanguage":"fr-FR"},{"@type":"Organization","@id":"https:\/\/www.congiu-advisory.fr\/#organization","name":"CONGIU ADVISORY","url":"https:\/\/www.congiu-advisory.fr\/","logo":{"@type":"ImageObject","inLanguage":"fr-FR","@id":"https:\/\/www.congiu-advisory.fr\/#\/schema\/logo\/image\/","url":"https:\/\/www.congiu-advisory.fr\/wp-content\/uploads\/2025\/11\/logo-congiu.png","contentUrl":"https:\/\/www.congiu-advisory.fr\/wp-content\/uploads\/2025\/11\/logo-congiu.png","width":378,"height":71,"caption":"CONGIU ADVISORY"},"image":{"@id":"https:\/\/www.congiu-advisory.fr\/#\/schema\/logo\/image\/"}}]}},"uagb_featured_image_src":{"full":["https:\/\/www.congiu-advisory.fr\/wp-content\/uploads\/2025\/12\/ChatGPT-Image-21-dec.-2025-18_23_12.png",1536,1024,false],"thumbnail":["https:\/\/www.congiu-advisory.fr\/wp-content\/uploads\/2025\/12\/ChatGPT-Image-21-dec.-2025-18_23_12-150x150.png",150,150,true],"medium":["https:\/\/www.congiu-advisory.fr\/wp-content\/uploads\/2025\/12\/ChatGPT-Image-21-dec.-2025-18_23_12-300x200.png",300,200,true],"medium_large":["https:\/\/www.congiu-advisory.fr\/wp-content\/uploads\/2025\/12\/ChatGPT-Image-21-dec.-2025-18_23_12-768x512.png",768,512,true],"large":["https:\/\/www.congiu-advisory.fr\/wp-content\/uploads\/2025\/12\/ChatGPT-Image-21-dec.-2025-18_23_12-1024x683.png",1024,683,true],"1536x1536":["https:\/\/www.congiu-advisory.fr\/wp-content\/uploads\/2025\/12\/ChatGPT-Image-21-dec.-2025-18_23_12.png",1536,1024,false],"2048x2048":["https:\/\/www.congiu-advisory.fr\/wp-content\/uploads\/2025\/12\/ChatGPT-Image-21-dec.-2025-18_23_12.png",1536,1024,false]},"uagb_author_info":{"display_name":"admin7417","author_link":"https:\/\/www.congiu-advisory.fr\/author\/admin7417\/"},"uagb_comment_info":0,"uagb_excerpt":"Conform\u00e9ment aux dispositions de la loi n\u00b0 2004-575 du 21 juin 2004 pour la confiance en l\u2019\u00e9conomie num\u00e9rique, il est pr\u00e9cis\u00e9 aux utilisateurs du&nbsp;https:\/\/www.congiu-advisory.fr&nbsp;l\u2019identit\u00e9 des diff\u00e9rents intervenants dans le cadre de sa r\u00e9alisation et de son suivi. Identification Le site&nbsp;https:\/\/www.congiu-advisory.fr&nbsp;est \u00e9dit\u00e9 par ADVISEO, EURL au capital de 1 000 euros. Responsable de publication H\u00e9bergeur Le\u2026","_links":{"self":[{"href":"https:\/\/www.congiu-advisory.fr\/index.php\/wp-json\/wp\/v2\/pages\/122","targetHints":{"allow":["GET"]}}],"collection":[{"href":"https:\/\/www.congiu-advisory.fr\/index.php\/wp-json\/wp\/v2\/pages"}],"about":[{"href":"https:\/\/www.congiu-advisory.fr\/index.php\/wp-json\/wp\/v2\/types\/page"}],"author":[{"embeddable":true,"href":"https:\/\/www.congiu-advisory.fr\/index.php\/wp-json\/wp\/v2\/users\/1"}],"replies":[{"embeddable":true,"href":"https:\/\/www.congiu-advisory.fr\/index.php\/wp-json\/wp\/v2\/comments?post=122"}],"version-history":[{"count":15,"href":"https:\/\/www.congiu-advisory.fr\/index.php\/wp-json\/wp\/v2\/pages\/122\/revisions"}],"predecessor-version":[{"id":2348,"href":"https:\/\/www.congiu-advisory.fr\/index.php\/wp-json\/wp\/v2\/pages\/122\/revisions\/2348"}],"wp:featuredmedia":[{"embeddable":true,"href":"https:\/\/www.congiu-advisory.fr\/index.php\/wp-json\/wp\/v2\/media\/2285"}],"wp:attachment":[{"href":"https:\/\/www.congiu-advisory.fr\/index.php\/wp-json\/wp\/v2\/media?parent=122"}],"curies":[{"name":"wp","href":"https:\/\/api.w.org\/{rel}","templated":true}]}}