{"id":2290,"date":"2025-12-21T17:28:37","date_gmt":"2025-12-21T17:28:37","guid":{"rendered":"https:\/\/www.congiu-advisory.fr\/?page_id=2290"},"modified":"2026-01-22T07:33:00","modified_gmt":"2026-01-22T07:33:00","slug":"contact-2","status":"publish","type":"page","link":"https:\/\/www.congiu-advisory.fr\/index.php\/contact-2\/","title":{"rendered":"Contact"},"content":{"rendered":"\n<div class=\"wp-block-kadence-column kadence-column2290_aa5c91-18\"><div class=\"kt-inside-inner-col\">\n<div class=\"wp-block-columns is-layout-flex wp-container-core-columns-is-layout-28f84493 wp-block-columns-is-layout-flex\">\n<div class=\"wp-block-column is-layout-flow wp-block-column-is-layout-flow\" style=\"flex-basis:5%\"><\/div>\n\n\n\n<div class=\"wp-block-column is-layout-flow wp-block-column-is-layout-flow\" style=\"flex-basis:80%\">\n<h2 class=\"kt-adv-heading2290_f0836a-9b wp-block-kadence-advancedheading\" data-kb-block=\"kb-adv-heading2290_f0836a-9b\">Si vous avez des questions \u00e0 propos de nos services, veuillez nous contacter en remplissant le formulaire ci-dessous, nous vous r\u00e9pondrons dans les plus brefs d\u00e9lais. <\/h2>\n<\/div>\n<\/div>\n<\/div><\/div>\n\n\n\n<div class=\"wp-block-kadence-column kadence-column2290_aa75aa-82\"><div class=\"kt-inside-inner-col\">\n<div class=\"wp-block-columns is-layout-flex wp-container-core-columns-is-layout-28f84493 wp-block-columns-is-layout-flex\">\n<div class=\"wp-block-column is-layout-flow wp-block-column-is-layout-flow\" style=\"flex-basis:5%\"><\/div>\n\n\n\n<div class=\"wp-block-column is-layout-flow wp-block-column-is-layout-flow\" style=\"flex-basis:45.46%\">\n<h2 class=\"kt-adv-heading2290_f4216c-05 wp-block-kadence-advancedheading\" data-kb-block=\"kb-adv-heading2290_f4216c-05\">D\u00e9couverte : 30 min de RDV avec votre DAF <\/h2>\n\n\n<div class=\"kb-progress-bar-container kb-progress-bar-container2290_c77f0a-8f kb-progress-bar-init kb-progress-bar-type-line \"><div class=\"kb-progress-bar kb-progress-bar-2290_c77f0a-8f\"><\/div><\/div><\/div>\n<\/div>\n\n\n\n<div class=\"wp-block-columns is-layout-flex wp-container-core-columns-is-layout-28f84493 wp-block-columns-is-layout-flex\">\n<div class=\"wp-block-column is-layout-flow wp-block-column-is-layout-flow\" style=\"flex-basis:5%\"><\/div>\n\n\n\n<div class=\"wp-block-column is-layout-flow wp-block-column-is-layout-flow\" style=\"flex-basis:40%\">\n<div class=\"wp-block-kadence-form kadence-form-2290_6d51e6-2a kb-form-wrap\"><form class=\"kb-form\" action=\"\" method=\"post\"><div class=\"kadence-blocks-form-field kb-field-desk-width-100 kb-input-size-standard\"><label for=\"kb_field_2290_6d51e6-2a_0\">Nom de la soci\u00e9t\u00e9<span class=\"required\">*<\/span><\/label><input name=\"kb_field_0\" id=\"kb_field_2290_6d51e6-2a_0\" data-label=\"Nom de la soci\u00e9t\u00e9\" type=\"text\" placeholder=\"\" value=\"\" data-type=\"text\" class=\"kb-field kb-text-style-field kb-text-field kb-field-0\" data-required=\"yes\"\/><\/div><div class=\"kadence-blocks-form-field kb-form-field-1 kb-field-desk-width-100 kb-input-size-standard\"><label for=\"kb_field_2290_6d51e6-2a_1\">Pr\u00e9nom<\/label><input name=\"kb_field_1\" id=\"kb_field_2290_6d51e6-2a_1\" data-label=\"Pr\u00e9nom\" type=\"text\" placeholder=\"\" value=\"\" data-type=\"text\" class=\"kb-field kb-text-style-field kb-text-field kb-field-1\"\/><\/div><div class=\"kadence-blocks-form-field kb-form-field-2 kb-field-desk-width-100 kb-input-size-standard\"><label for=\"kb_field_2290_6d51e6-2a_2\">Nom<\/label><input name=\"kb_field_2\" id=\"kb_field_2290_6d51e6-2a_2\" data-label=\"Nom\" type=\"text\" placeholder=\"\" value=\"\" data-type=\"text\" class=\"kb-field kb-text-style-field kb-text-field kb-field-2\"\/><\/div><div class=\"kadence-blocks-form-field kb-form-field-3 kb-field-desk-width-100 kb-input-size-standard\"><label for=\"kb_field_2290_6d51e6-2a_3\">Email<span class=\"required\">*<\/span><\/label><input name=\"kb_field_3\" id=\"kb_field_2290_6d51e6-2a_3\" data-label=\"Email\" type=\"email\" placeholder=\"\" value=\"\" data-type=\"email\" class=\"kb-field kb-text-style-field kb-email-field kb-field-3\" data-required=\"yes\"\/><\/div><div class=\"kadence-blocks-form-field kb-form-field-4 kb-field-desk-width-100 kb-input-size-standard\"><label for=\"kb_field_2290_6d51e6-2a_4\">Quelle est la probl\u00e9matique sur laquelle nous pouvons vous accompagner  ?<span class=\"required\">*<\/span><\/label><textarea name=\"kb_field_4\" id=\"kb_field_2290_6d51e6-2a_4\" data-label=\"Quelle est la probl\u00e9matique sur laquelle nous pouvons vous accompagner  ?\" type=\"textarea\" placeholder=\"\" data-type=\"textarea\" class=\"kb-field kb-text-style-field kb-textarea-field kb-field-4\" rows=\"4\" data-required=\"yes\"><\/textarea><\/div><input type=\"hidden\" name=\"_kb_form_id\" value=\"2290_6d51e6-2a\"\/><input type=\"hidden\" name=\"_kb_form_post_id\" value=\"2290\"\/><input type=\"hidden\" name=\"action\" value=\"kb_process_ajax_submit\"\/><label class=\"kadence-verify-label\">Email<input class=\"kadence-blocks-field verify\" type=\"text\" name=\"_kb_verify_email\" autocomplete=\"new-password\" aria-hidden=\"true\" placeholder=\"Email\" tabindex=\"-1\" data-1p-ignore=\"true\" data-lpignore=\"true\" \/><\/label><div class=\"kadence-blocks-form-field kb-submit-field kb-field-desk-width-100\"><button class=\"kb-forms-submit button kb-button-size-standard kb-button-width-auto\">Prendre RDV<\/button><\/div><\/form><\/div>\n<noscript><div class=\"kadence-blocks-form-message kadence-blocks-form-warning\">Veuillez activer JavaScript dans votre navigateur pour envoyer le formulaire.<\/div><style>.kadence-form-2290_6d51e6-2a .kadence-blocks-form-field.kb-submit-field { display: none; }<\/style><\/noscript><\/div>\n\n\n\n<div class=\"wp-block-column is-layout-flow wp-block-column-is-layout-flow\" style=\"flex-basis:40%\">\n<figure class=\"wp-block-image size-full is-style-rounded is-style-rounded--1\"><img loading=\"lazy\" decoding=\"async\" width=\"2048\" height=\"2560\" src=\"https:\/\/www.congiu-advisory.fr\/wp-content\/uploads\/2026\/01\/SED15-scaled.jpg\" alt=\"\" class=\"wp-image-2611\" srcset=\"https:\/\/www.congiu-advisory.fr\/wp-content\/uploads\/2026\/01\/SED15-scaled.jpg 2048w, https:\/\/www.congiu-advisory.fr\/wp-content\/uploads\/2026\/01\/SED15-240x300.jpg 240w, https:\/\/www.congiu-advisory.fr\/wp-content\/uploads\/2026\/01\/SED15-819x1024.jpg 819w, https:\/\/www.congiu-advisory.fr\/wp-content\/uploads\/2026\/01\/SED15-768x960.jpg 768w, https:\/\/www.congiu-advisory.fr\/wp-content\/uploads\/2026\/01\/SED15-1229x1536.jpg 1229w, https:\/\/www.congiu-advisory.fr\/wp-content\/uploads\/2026\/01\/SED15-1638x2048.jpg 1638w\" sizes=\"auto, (max-width: 2048px) 100vw, 2048px\" \/><\/figure>\n<\/div>\n\n\n\n<div class=\"wp-block-column is-layout-flow wp-block-column-is-layout-flow\" style=\"flex-basis:5%\"><\/div>\n<\/div>\n<\/div><\/div>\n","protected":false},"excerpt":{"rendered":"<p>Si vous avez des questions \u00e0 propos de nos services, veuillez nous contacter en remplissant le formulaire ci-dessous, nous vous r\u00e9pondrons dans les plus brefs d\u00e9lais. D\u00e9couverte : 30 min de RDV avec votre DAF<\/p>\n","protected":false},"author":1,"featured_media":0,"parent":0,"menu_order":0,"comment_status":"closed","ping_status":"closed","template":"","meta":{"_uag_custom_page_level_css":"","footnotes":""},"class_list":["post-2290","page","type-page","status-publish","hentry"],"yoast_head":"<!-- This site is optimized with the Yoast SEO plugin v27.3 - https:\/\/yoast.com\/product\/yoast-seo-wordpress\/ -->\n<title>Contact - CONGIU ADVISORY<\/title>\n<meta name=\"robots\" content=\"index, follow, max-snippet:-1, max-image-preview:large, max-video-preview:-1\" \/>\n<link rel=\"canonical\" href=\"https:\/\/www.congiu-advisory.fr\/index.php\/contact-2\/\" \/>\n<meta property=\"og:locale\" content=\"fr_FR\" \/>\n<meta property=\"og:type\" content=\"article\" \/>\n<meta property=\"og:title\" content=\"Contact - CONGIU ADVISORY\" \/>\n<meta property=\"og:description\" content=\"Si vous avez des questions \u00e0 propos de nos services, veuillez nous contacter en remplissant le formulaire ci-dessous, nous vous r\u00e9pondrons dans les plus brefs d\u00e9lais. D\u00e9couverte : 30 min de RDV avec votre DAF\" \/>\n<meta property=\"og:url\" content=\"https:\/\/www.congiu-advisory.fr\/index.php\/contact-2\/\" \/>\n<meta property=\"og:site_name\" content=\"CONGIU ADVISORY\" \/>\n<meta property=\"article:modified_time\" content=\"2026-01-22T07:33:00+00:00\" \/>\n<meta property=\"og:image\" content=\"https:\/\/www.congiu-advisory.fr\/wp-content\/uploads\/2026\/01\/SED15-scaled.jpg\" \/>\n\t<meta property=\"og:image:width\" content=\"2048\" \/>\n\t<meta property=\"og:image:height\" content=\"2560\" \/>\n\t<meta property=\"og:image:type\" content=\"image\/jpeg\" \/>\n<meta name=\"twitter:card\" content=\"summary_large_image\" \/>\n<script type=\"application\/ld+json\" class=\"yoast-schema-graph\">{\"@context\":\"https:\\\/\\\/schema.org\",\"@graph\":[{\"@type\":\"WebPage\",\"@id\":\"https:\\\/\\\/www.congiu-advisory.fr\\\/index.php\\\/contact-2\\\/\",\"url\":\"https:\\\/\\\/www.congiu-advisory.fr\\\/index.php\\\/contact-2\\\/\",\"name\":\"Contact - CONGIU ADVISORY\",\"isPartOf\":{\"@id\":\"https:\\\/\\\/www.congiu-advisory.fr\\\/#website\"},\"primaryImageOfPage\":{\"@id\":\"https:\\\/\\\/www.congiu-advisory.fr\\\/index.php\\\/contact-2\\\/#primaryimage\"},\"image\":{\"@id\":\"https:\\\/\\\/www.congiu-advisory.fr\\\/index.php\\\/contact-2\\\/#primaryimage\"},\"thumbnailUrl\":\"https:\\\/\\\/www.congiu-advisory.fr\\\/wp-content\\\/uploads\\\/2026\\\/01\\\/SED15-scaled.jpg\",\"datePublished\":\"2025-12-21T17:28:37+00:00\",\"dateModified\":\"2026-01-22T07:33:00+00:00\",\"breadcrumb\":{\"@id\":\"https:\\\/\\\/www.congiu-advisory.fr\\\/index.php\\\/contact-2\\\/#breadcrumb\"},\"inLanguage\":\"fr-FR\",\"potentialAction\":[{\"@type\":\"ReadAction\",\"target\":[\"https:\\\/\\\/www.congiu-advisory.fr\\\/index.php\\\/contact-2\\\/\"]}]},{\"@type\":\"ImageObject\",\"inLanguage\":\"fr-FR\",\"@id\":\"https:\\\/\\\/www.congiu-advisory.fr\\\/index.php\\\/contact-2\\\/#primaryimage\",\"url\":\"https:\\\/\\\/www.congiu-advisory.fr\\\/wp-content\\\/uploads\\\/2026\\\/01\\\/SED15-scaled.jpg\",\"contentUrl\":\"https:\\\/\\\/www.congiu-advisory.fr\\\/wp-content\\\/uploads\\\/2026\\\/01\\\/SED15-scaled.jpg\",\"width\":2048,\"height\":2560},{\"@type\":\"BreadcrumbList\",\"@id\":\"https:\\\/\\\/www.congiu-advisory.fr\\\/index.php\\\/contact-2\\\/#breadcrumb\",\"itemListElement\":[{\"@type\":\"ListItem\",\"position\":1,\"name\":\"Accueil\",\"item\":\"https:\\\/\\\/www.congiu-advisory.fr\\\/\"},{\"@type\":\"ListItem\",\"position\":2,\"name\":\"Contact\"}]},{\"@type\":\"WebSite\",\"@id\":\"https:\\\/\\\/www.congiu-advisory.fr\\\/#website\",\"url\":\"https:\\\/\\\/www.congiu-advisory.fr\\\/\",\"name\":\"CONGIU ADVISORY\",\"description\":\"\",\"publisher\":{\"@id\":\"https:\\\/\\\/www.congiu-advisory.fr\\\/#organization\"},\"potentialAction\":[{\"@type\":\"SearchAction\",\"target\":{\"@type\":\"EntryPoint\",\"urlTemplate\":\"https:\\\/\\\/www.congiu-advisory.fr\\\/?s={search_term_string}\"},\"query-input\":{\"@type\":\"PropertyValueSpecification\",\"valueRequired\":true,\"valueName\":\"search_term_string\"}}],\"inLanguage\":\"fr-FR\"},{\"@type\":\"Organization\",\"@id\":\"https:\\\/\\\/www.congiu-advisory.fr\\\/#organization\",\"name\":\"CONGIU ADVISORY\",\"url\":\"https:\\\/\\\/www.congiu-advisory.fr\\\/\",\"logo\":{\"@type\":\"ImageObject\",\"inLanguage\":\"fr-FR\",\"@id\":\"https:\\\/\\\/www.congiu-advisory.fr\\\/#\\\/schema\\\/logo\\\/image\\\/\",\"url\":\"https:\\\/\\\/www.congiu-advisory.fr\\\/wp-content\\\/uploads\\\/2025\\\/11\\\/logo-congiu.png\",\"contentUrl\":\"https:\\\/\\\/www.congiu-advisory.fr\\\/wp-content\\\/uploads\\\/2025\\\/11\\\/logo-congiu.png\",\"width\":378,\"height\":71,\"caption\":\"CONGIU ADVISORY\"},\"image\":{\"@id\":\"https:\\\/\\\/www.congiu-advisory.fr\\\/#\\\/schema\\\/logo\\\/image\\\/\"}}]}<\/script>\n<!-- \/ Yoast SEO plugin. -->","yoast_head_json":{"title":"Contact - CONGIU ADVISORY","robots":{"index":"index","follow":"follow","max-snippet":"max-snippet:-1","max-image-preview":"max-image-preview:large","max-video-preview":"max-video-preview:-1"},"canonical":"https:\/\/www.congiu-advisory.fr\/index.php\/contact-2\/","og_locale":"fr_FR","og_type":"article","og_title":"Contact - CONGIU ADVISORY","og_description":"Si vous avez des questions \u00e0 propos de nos services, veuillez nous contacter en remplissant le formulaire ci-dessous, nous vous r\u00e9pondrons dans les plus brefs d\u00e9lais. D\u00e9couverte : 30 min de RDV avec votre DAF","og_url":"https:\/\/www.congiu-advisory.fr\/index.php\/contact-2\/","og_site_name":"CONGIU ADVISORY","article_modified_time":"2026-01-22T07:33:00+00:00","og_image":[{"width":2048,"height":2560,"url":"https:\/\/www.congiu-advisory.fr\/wp-content\/uploads\/2026\/01\/SED15-scaled.jpg","type":"image\/jpeg"}],"twitter_card":"summary_large_image","schema":{"@context":"https:\/\/schema.org","@graph":[{"@type":"WebPage","@id":"https:\/\/www.congiu-advisory.fr\/index.php\/contact-2\/","url":"https:\/\/www.congiu-advisory.fr\/index.php\/contact-2\/","name":"Contact - CONGIU ADVISORY","isPartOf":{"@id":"https:\/\/www.congiu-advisory.fr\/#website"},"primaryImageOfPage":{"@id":"https:\/\/www.congiu-advisory.fr\/index.php\/contact-2\/#primaryimage"},"image":{"@id":"https:\/\/www.congiu-advisory.fr\/index.php\/contact-2\/#primaryimage"},"thumbnailUrl":"https:\/\/www.congiu-advisory.fr\/wp-content\/uploads\/2026\/01\/SED15-scaled.jpg","datePublished":"2025-12-21T17:28:37+00:00","dateModified":"2026-01-22T07:33:00+00:00","breadcrumb":{"@id":"https:\/\/www.congiu-advisory.fr\/index.php\/contact-2\/#breadcrumb"},"inLanguage":"fr-FR","potentialAction":[{"@type":"ReadAction","target":["https:\/\/www.congiu-advisory.fr\/index.php\/contact-2\/"]}]},{"@type":"ImageObject","inLanguage":"fr-FR","@id":"https:\/\/www.congiu-advisory.fr\/index.php\/contact-2\/#primaryimage","url":"https:\/\/www.congiu-advisory.fr\/wp-content\/uploads\/2026\/01\/SED15-scaled.jpg","contentUrl":"https:\/\/www.congiu-advisory.fr\/wp-content\/uploads\/2026\/01\/SED15-scaled.jpg","width":2048,"height":2560},{"@type":"BreadcrumbList","@id":"https:\/\/www.congiu-advisory.fr\/index.php\/contact-2\/#breadcrumb","itemListElement":[{"@type":"ListItem","position":1,"name":"Accueil","item":"https:\/\/www.congiu-advisory.fr\/"},{"@type":"ListItem","position":2,"name":"Contact"}]},{"@type":"WebSite","@id":"https:\/\/www.congiu-advisory.fr\/#website","url":"https:\/\/www.congiu-advisory.fr\/","name":"CONGIU ADVISORY","description":"","publisher":{"@id":"https:\/\/www.congiu-advisory.fr\/#organization"},"potentialAction":[{"@type":"SearchAction","target":{"@type":"EntryPoint","urlTemplate":"https:\/\/www.congiu-advisory.fr\/?s={search_term_string}"},"query-input":{"@type":"PropertyValueSpecification","valueRequired":true,"valueName":"search_term_string"}}],"inLanguage":"fr-FR"},{"@type":"Organization","@id":"https:\/\/www.congiu-advisory.fr\/#organization","name":"CONGIU ADVISORY","url":"https:\/\/www.congiu-advisory.fr\/","logo":{"@type":"ImageObject","inLanguage":"fr-FR","@id":"https:\/\/www.congiu-advisory.fr\/#\/schema\/logo\/image\/","url":"https:\/\/www.congiu-advisory.fr\/wp-content\/uploads\/2025\/11\/logo-congiu.png","contentUrl":"https:\/\/www.congiu-advisory.fr\/wp-content\/uploads\/2025\/11\/logo-congiu.png","width":378,"height":71,"caption":"CONGIU ADVISORY"},"image":{"@id":"https:\/\/www.congiu-advisory.fr\/#\/schema\/logo\/image\/"}}]}},"uagb_featured_image_src":{"full":false,"thumbnail":false,"medium":false,"medium_large":false,"large":false,"1536x1536":false,"2048x2048":false},"uagb_author_info":{"display_name":"admin7417","author_link":"https:\/\/www.congiu-advisory.fr\/author\/admin7417\/"},"uagb_comment_info":0,"uagb_excerpt":"Si vous avez des questions \u00e0 propos de nos services, veuillez nous contacter en remplissant le formulaire ci-dessous, nous vous r\u00e9pondrons dans les plus brefs d\u00e9lais. D\u00e9couverte : 30 min de RDV avec votre DAF","_links":{"self":[{"href":"https:\/\/www.congiu-advisory.fr\/index.php\/wp-json\/wp\/v2\/pages\/2290","targetHints":{"allow":["GET"]}}],"collection":[{"href":"https:\/\/www.congiu-advisory.fr\/index.php\/wp-json\/wp\/v2\/pages"}],"about":[{"href":"https:\/\/www.congiu-advisory.fr\/index.php\/wp-json\/wp\/v2\/types\/page"}],"author":[{"embeddable":true,"href":"https:\/\/www.congiu-advisory.fr\/index.php\/wp-json\/wp\/v2\/users\/1"}],"replies":[{"embeddable":true,"href":"https:\/\/www.congiu-advisory.fr\/index.php\/wp-json\/wp\/v2\/comments?post=2290"}],"version-history":[{"count":12,"href":"https:\/\/www.congiu-advisory.fr\/index.php\/wp-json\/wp\/v2\/pages\/2290\/revisions"}],"predecessor-version":[{"id":2620,"href":"https:\/\/www.congiu-advisory.fr\/index.php\/wp-json\/wp\/v2\/pages\/2290\/revisions\/2620"}],"wp:attachment":[{"href":"https:\/\/www.congiu-advisory.fr\/index.php\/wp-json\/wp\/v2\/media?parent=2290"}],"curies":[{"name":"wp","href":"https:\/\/api.w.org\/{rel}","templated":true}]}}