{"id":494,"date":"2025-12-11T13:40:43","date_gmt":"2025-12-11T13:40:43","guid":{"rendered":"https:\/\/www.congiu-advisory.fr\/?page_id=494"},"modified":"2026-01-26T10:06:17","modified_gmt":"2026-01-26T10:06:17","slug":"structuration-de-la-fonction-finance-2","status":"publish","type":"page","link":"https:\/\/www.congiu-advisory.fr\/index.php\/structuration-de-la-fonction-finance-2\/","title":{"rendered":"Notre identit\u00e9"},"content":{"rendered":"\n<div class=\"wp-block-kadence-column kadence-column494_0191ea-11\"><div class=\"kt-inside-inner-col\">\n<div class=\"wp-block-columns is-layout-flex wp-container-core-columns-is-layout-28f84493 wp-block-columns-is-layout-flex\">\n<div class=\"wp-block-column is-layout-flow wp-block-column-is-layout-flow\" style=\"flex-basis:4.65%\"><\/div>\n\n\n\n<div class=\"wp-block-column is-layout-flow wp-block-column-is-layout-flow\" style=\"flex-basis:50%\">\n<h2 class=\"kt-adv-heading494_584b17-50 wp-block-kadence-advancedheading\" data-kb-block=\"kb-adv-heading494_584b17-50\"><strong>CONGIU ADVISORY<\/strong> est une soci\u00e9t\u00e9 sp\u00e9cialis\u00e9e dans l\u2019accompagnement financier op\u00e9rationnel des dirigeants et dirigeantes d\u2019entreprises. <br>Elle est bas\u00e9e Paris.<br><br>La soci\u00e9t\u00e9 a \u00e9t\u00e9 fond\u00e9e par Mickael CONGIU.<br><br>Depuis plus de douze ans, il \u00e9volue aux c\u00f4t\u00e9s des entreprises, au c\u0153ur de leurs enjeux de pilotage et de d\u00e9cision. Son parcours d\u00e9bute en cabinet d\u2019expertise et d\u2019audit, o\u00f9 il a pass\u00e9 huit ann\u00e9es \u00e0 accompagner des dirigeants sur des situations tr\u00e8s concr\u00e8tes, souvent complexes, toujours engageantes.<br><br>Mais avant d\u2019\u00eatre conseiller, il a aussi \u00e9t\u00e9 entrepreneur, \u00e0 deux reprises. Une exp\u00e9rience fondatrice qui lui a permis de se retrouver de l\u2019autre c\u00f4t\u00e9 du bureau, de vivre les doutes, les arbitrages et la solitude des d\u00e9cisions. <br><br>C\u2019est cette double lecture \u2014 technique et entrepreneuriale \u2014 qui guide aujourd\u2019hui sa mani\u00e8re d\u2019accompagner.<br><br>Aujourd\u2019hui, il intervient comme DAF \u00e0 temps partag\u00e9 et partenaire de confiance des dirigeants, pour les aider \u00e0 prendre du recul, structurer leurs choix et avancer plus sereinement.<\/h2>\n<\/div>\n\n\n\n<div class=\"wp-block-column is-layout-flow wp-block-column-is-layout-flow\" style=\"flex-basis:45%\">\n<figure class=\"wp-block-image size-full is-style-rounded wp-duotone-unset-2 is-style-rounded--1\"><img loading=\"lazy\" decoding=\"async\" width=\"2048\" height=\"2560\" src=\"https:\/\/www.congiu-advisory.fr\/wp-content\/uploads\/2026\/01\/mco-scaled.jpg\" alt=\"\" class=\"wp-image-2625\" style=\"aspect-ratio:1;object-fit:cover\" srcset=\"https:\/\/www.congiu-advisory.fr\/wp-content\/uploads\/2026\/01\/mco-scaled.jpg 2048w, https:\/\/www.congiu-advisory.fr\/wp-content\/uploads\/2026\/01\/mco-240x300.jpg 240w, https:\/\/www.congiu-advisory.fr\/wp-content\/uploads\/2026\/01\/mco-819x1024.jpg 819w, https:\/\/www.congiu-advisory.fr\/wp-content\/uploads\/2026\/01\/mco-768x960.jpg 768w, https:\/\/www.congiu-advisory.fr\/wp-content\/uploads\/2026\/01\/mco-1229x1536.jpg 1229w, https:\/\/www.congiu-advisory.fr\/wp-content\/uploads\/2026\/01\/mco-1638x2048.jpg 1638w\" sizes=\"auto, (max-width: 2048px) 100vw, 2048px\" \/><\/figure>\n<\/div>\n<\/div>\n<\/div><\/div>\n\n\n\n<div class=\"wp-block-kadence-column kadence-column494_e20199-cc\"><div class=\"kt-inside-inner-col\">\n<div class=\"wp-block-columns is-layout-flex wp-container-core-columns-is-layout-28f84493 wp-block-columns-is-layout-flex\">\n<div class=\"wp-block-column is-layout-flow wp-block-column-is-layout-flow\" style=\"flex-basis:4.65%\"><\/div>\n\n\n\n<div class=\"wp-block-column is-layout-flow wp-block-column-is-layout-flow\" style=\"flex-basis:50%\">\n<h1 class=\"kt-adv-heading494_4fe763-b5 wp-block-kadence-advancedheading\" data-kb-block=\"kb-adv-heading494_4fe763-b5\">Pourquoi nous choisir ?<\/h1>\n<\/div>\n\n\n\n<div class=\"wp-block-column is-layout-flow wp-block-column-is-layout-flow\" style=\"flex-basis:5%\"><\/div>\n<\/div>\n<\/div><\/div>\n\n\n\n<div class=\"wp-block-kadence-column kadence-column494_b4a0b1-9c\"><div class=\"kt-inside-inner-col\">\n<div class=\"wp-block-columns is-layout-flex wp-container-core-columns-is-layout-28f84493 wp-block-columns-is-layout-flex\">\n<div class=\"wp-block-column is-layout-flow wp-block-column-is-layout-flow\" style=\"flex-basis:4.65%\"><\/div>\n\n\n\n<div class=\"wp-block-column is-layout-flow wp-block-column-is-layout-flow\" style=\"flex-basis:50%\">\n<div class=\"wp-block-uagb-container uagb-block-ae0901a5 alignfull uagb-is-root-container\"><div class=\"uagb-container-inner-blocks-wrap\">\n<figure class=\"wp-block-image size-full is-style-rounded is-style-rounded--3\"><img loading=\"lazy\" decoding=\"async\" width=\"1707\" height=\"2560\" src=\"https:\/\/www.congiu-advisory.fr\/wp-content\/uploads\/2025\/11\/angle-de-travail-eleve-avec-ordinateur-portable-et-ordinateur-portable-scaled.jpg\" alt=\"\" class=\"wp-image-41\" style=\"aspect-ratio:1;object-fit:cover\" srcset=\"https:\/\/www.congiu-advisory.fr\/wp-content\/uploads\/2025\/11\/angle-de-travail-eleve-avec-ordinateur-portable-et-ordinateur-portable-scaled.jpg 1707w, https:\/\/www.congiu-advisory.fr\/wp-content\/uploads\/2025\/11\/angle-de-travail-eleve-avec-ordinateur-portable-et-ordinateur-portable-200x300.jpg 200w, https:\/\/www.congiu-advisory.fr\/wp-content\/uploads\/2025\/11\/angle-de-travail-eleve-avec-ordinateur-portable-et-ordinateur-portable-683x1024.jpg 683w, https:\/\/www.congiu-advisory.fr\/wp-content\/uploads\/2025\/11\/angle-de-travail-eleve-avec-ordinateur-portable-et-ordinateur-portable-768x1152.jpg 768w, https:\/\/www.congiu-advisory.fr\/wp-content\/uploads\/2025\/11\/angle-de-travail-eleve-avec-ordinateur-portable-et-ordinateur-portable-1024x1536.jpg 1024w, https:\/\/www.congiu-advisory.fr\/wp-content\/uploads\/2025\/11\/angle-de-travail-eleve-avec-ordinateur-portable-et-ordinateur-portable-1365x2048.jpg 1365w\" sizes=\"auto, (max-width: 1707px) 100vw, 1707px\" \/><\/figure>\n<\/div><\/div>\n<\/div>\n\n\n\n<div class=\"wp-block-column is-layout-flow wp-block-column-is-layout-flow\" style=\"flex-basis:40%\">\n<div class=\"wp-block-uagb-container uagb-block-6e0c7dbd alignfull uagb-is-root-container\"><div class=\"uagb-container-inner-blocks-wrap\">\n<h2 class=\"kt-adv-heading494_027828-68 wp-block-kadence-advancedheading\" data-kb-block=\"kb-adv-heading494_027828-68\">Parce qu\u2019un bon accompagnement commence par une vraie disponibilit\u00e9. \u00catre pr\u00e9sent quand les questions se posent, prendre le temps d\u2019\u00e9changer, comprendre votre situation et avancer \u00e0 votre rythme fait partie de notre mani\u00e8re de travailler.<br><br>Nous privil\u00e9gions une relation directe, simple et durable, o\u00f9 la confiance se construit dans les \u00e9changes du quotidien.<br><br>\u00c0 vos c\u00f4t\u00e9s, nous apportons un regard ext\u00e9rieur impliqu\u00e9, des r\u00e9ponses claires et des actions concr\u00e8tes. <br><br>Notre engagement est de vous accompagner avec s\u00e9rieux et attention, depuis les premi\u00e8res r\u00e9flexions jusqu\u2019\u00e0 leur mise en \u0153uvre, en restant toujours accessibles et align\u00e9s avec vos enjeux r\u00e9els.<\/h2>\n<\/div><\/div>\n<\/div>\n<\/div>\n<\/div><\/div>\n\n\n\n<div style=\"height:100px\" aria-hidden=\"true\" class=\"wp-block-spacer\"><\/div>\n\n\n\n<div class=\"wp-block-columns is-layout-flex wp-container-core-columns-is-layout-28f84493 wp-block-columns-is-layout-flex\">\n<div class=\"wp-block-column is-layout-flow wp-block-column-is-layout-flow\" style=\"flex-basis:5%\"><\/div>\n\n\n\n<div class=\"wp-block-column is-layout-flow wp-block-column-is-layout-flow\" style=\"flex-basis:40%\">\n<h2 class=\"kt-adv-heading494_94086e-77 wp-block-kadence-advancedheading\" data-kb-block=\"kb-adv-heading494_94086e-77\">D\u00e9couverte : 30 min de RDV avec un DAF <\/h2>\n\n\n\n<div class=\"wp-block-kadence-form kadence-form-494_5666d7-fd kb-form-wrap\"><form class=\"kb-form\" action=\"\" method=\"post\"><div class=\"kadence-blocks-form-field kb-field-desk-width-100 kb-input-size-standard\"><label for=\"kb_field_494_5666d7-fd_0\">Nom de la soci\u00e9t\u00e9<span class=\"required\">*<\/span><\/label><input name=\"kb_field_0\" id=\"kb_field_494_5666d7-fd_0\" data-label=\"Nom de la soci\u00e9t\u00e9\" type=\"text\" placeholder=\"\" value=\"\" data-type=\"text\" class=\"kb-field kb-text-style-field kb-text-field kb-field-0\" data-required=\"yes\"\/><\/div><div class=\"kadence-blocks-form-field kb-form-field-1 kb-field-desk-width-100 kb-input-size-standard\"><label for=\"kb_field_494_5666d7-fd_1\">Pr\u00e9nom<\/label><input name=\"kb_field_1\" id=\"kb_field_494_5666d7-fd_1\" data-label=\"Pr\u00e9nom\" type=\"text\" placeholder=\"\" value=\"\" data-type=\"text\" class=\"kb-field kb-text-style-field kb-text-field kb-field-1\"\/><\/div><div class=\"kadence-blocks-form-field kb-form-field-2 kb-field-desk-width-100 kb-input-size-standard\"><label for=\"kb_field_494_5666d7-fd_2\">Nom<\/label><input name=\"kb_field_2\" id=\"kb_field_494_5666d7-fd_2\" data-label=\"Nom\" type=\"text\" placeholder=\"\" value=\"\" data-type=\"text\" class=\"kb-field kb-text-style-field kb-text-field kb-field-2\"\/><\/div><div class=\"kadence-blocks-form-field kb-form-field-3 kb-field-desk-width-100 kb-input-size-standard\"><label for=\"kb_field_494_5666d7-fd_3\">Email<span class=\"required\">*<\/span><\/label><input name=\"kb_field_3\" id=\"kb_field_494_5666d7-fd_3\" data-label=\"Email\" type=\"email\" placeholder=\"\" value=\"\" data-type=\"email\" class=\"kb-field kb-text-style-field kb-email-field kb-field-3\" data-required=\"yes\"\/><\/div><div class=\"kadence-blocks-form-field kb-form-field-4 kb-field-desk-width-100 kb-input-size-standard\"><label for=\"kb_field_494_5666d7-fd_4\">Quelle est la probl\u00e9matique sur laquelle nous pouvons vous accompagner  ?<span class=\"required\">*<\/span><\/label><textarea name=\"kb_field_4\" id=\"kb_field_494_5666d7-fd_4\" data-label=\"Quelle est la probl\u00e9matique sur laquelle nous pouvons vous accompagner  ?\" type=\"textarea\" placeholder=\"\" data-type=\"textarea\" class=\"kb-field kb-text-style-field kb-textarea-field kb-field-4\" rows=\"4\" data-required=\"yes\"><\/textarea><\/div><input type=\"hidden\" name=\"_kb_form_id\" value=\"494_5666d7-fd\"\/><input type=\"hidden\" name=\"_kb_form_post_id\" value=\"494\"\/><input type=\"hidden\" name=\"action\" value=\"kb_process_ajax_submit\"\/><label class=\"kadence-verify-label\">Email<input class=\"kadence-blocks-field verify\" type=\"text\" name=\"_kb_verify_email\" autocomplete=\"new-password\" aria-hidden=\"true\" placeholder=\"Email\" tabindex=\"-1\" data-1p-ignore=\"true\" data-lpignore=\"true\" \/><\/label><div class=\"kadence-blocks-form-field kb-submit-field kb-field-desk-width-100\"><button class=\"kb-forms-submit button kb-button-size-standard kb-button-width-auto\">Envoyer<\/button><\/div><\/form><\/div>\n<noscript><div class=\"kadence-blocks-form-message kadence-blocks-form-warning\">Veuillez activer JavaScript dans votre navigateur pour envoyer le formulaire.<\/div><style>.kadence-form-494_5666d7-fd .kadence-blocks-form-field.kb-submit-field { display: none; }<\/style><\/noscript><\/div>\n\n\n\n<div class=\"wp-block-column is-layout-flow wp-block-column-is-layout-flow\" style=\"flex-basis:40%\">\n<figure class=\"wp-block-image size-full is-style-rounded is-style-rounded--4\"><img loading=\"lazy\" decoding=\"async\" width=\"666\" height=\"607\" src=\"https:\/\/www.congiu-advisory.fr\/wp-content\/uploads\/2025\/12\/Capture-decran-2025-12-10-230528.jpg\" alt=\"\" class=\"wp-image-1839\" srcset=\"https:\/\/www.congiu-advisory.fr\/wp-content\/uploads\/2025\/12\/Capture-decran-2025-12-10-230528.jpg 666w, https:\/\/www.congiu-advisory.fr\/wp-content\/uploads\/2025\/12\/Capture-decran-2025-12-10-230528-300x273.jpg 300w\" sizes=\"auto, (max-width: 666px) 100vw, 666px\" \/><\/figure>\n<\/div>\n\n\n\n<div class=\"wp-block-column is-layout-flow wp-block-column-is-layout-flow\" style=\"flex-basis:5%\"><\/div>\n<\/div>\n\n\n\n<p><\/p>\n","protected":false},"excerpt":{"rendered":"<p>CONGIU ADVISORY est une soci\u00e9t\u00e9 sp\u00e9cialis\u00e9e dans l\u2019accompagnement financier op\u00e9rationnel des dirigeants et dirigeantes d\u2019entreprises. Elle est bas\u00e9e Paris. La soci\u00e9t\u00e9 a \u00e9t\u00e9 fond\u00e9e par Mickael CONGIU. Depuis plus de douze ans, il \u00e9volue aux c\u00f4t\u00e9s des entreprises, au c\u0153ur de leurs enjeux de pilotage et de d\u00e9cision. Son parcours d\u00e9bute en cabinet d\u2019expertise et [&hellip;]<\/p>\n","protected":false},"author":1,"featured_media":0,"parent":0,"menu_order":0,"comment_status":"closed","ping_status":"closed","template":"","meta":{"_uag_custom_page_level_css":"","footnotes":""},"class_list":["post-494","page","type-page","status-publish","hentry"],"yoast_head":"<!-- This site is optimized with the Yoast SEO plugin v27.3 - https:\/\/yoast.com\/product\/yoast-seo-wordpress\/ -->\n<title>Notre identit\u00e9 - CONGIU ADVISORY<\/title>\n<meta name=\"robots\" content=\"index, follow, max-snippet:-1, max-image-preview:large, max-video-preview:-1\" \/>\n<link rel=\"canonical\" href=\"https:\/\/www.congiu-advisory.fr\/index.php\/structuration-de-la-fonction-finance-2\/\" \/>\n<meta property=\"og:locale\" content=\"fr_FR\" \/>\n<meta property=\"og:type\" content=\"article\" \/>\n<meta property=\"og:title\" content=\"Notre identit\u00e9 - CONGIU ADVISORY\" \/>\n<meta property=\"og:description\" content=\"CONGIU ADVISORY est une soci\u00e9t\u00e9 sp\u00e9cialis\u00e9e dans l\u2019accompagnement financier op\u00e9rationnel des dirigeants et dirigeantes d\u2019entreprises. Elle est bas\u00e9e Paris. La soci\u00e9t\u00e9 a \u00e9t\u00e9 fond\u00e9e par Mickael CONGIU. Depuis plus de douze ans, il \u00e9volue aux c\u00f4t\u00e9s des entreprises, au c\u0153ur de leurs enjeux de pilotage et de d\u00e9cision. Son parcours d\u00e9bute en cabinet d\u2019expertise et [&hellip;]\" \/>\n<meta property=\"og:url\" content=\"https:\/\/www.congiu-advisory.fr\/index.php\/structuration-de-la-fonction-finance-2\/\" \/>\n<meta property=\"og:site_name\" content=\"CONGIU ADVISORY\" \/>\n<meta property=\"article:modified_time\" content=\"2026-01-26T10:06:17+00:00\" \/>\n<meta property=\"og:image\" content=\"https:\/\/www.congiu-advisory.fr\/wp-content\/uploads\/2026\/01\/mco-scaled.jpg\" \/>\n\t<meta property=\"og:image:width\" content=\"2048\" \/>\n\t<meta property=\"og:image:height\" content=\"2560\" \/>\n\t<meta property=\"og:image:type\" content=\"image\/jpeg\" \/>\n<meta name=\"twitter:card\" content=\"summary_large_image\" \/>\n<meta name=\"twitter:label1\" content=\"Dur\u00e9e de lecture estim\u00e9e\" \/>\n\t<meta name=\"twitter:data1\" content=\"2 minutes\" \/>\n<script type=\"application\/ld+json\" class=\"yoast-schema-graph\">{\"@context\":\"https:\\\/\\\/schema.org\",\"@graph\":[{\"@type\":\"WebPage\",\"@id\":\"https:\\\/\\\/www.congiu-advisory.fr\\\/index.php\\\/structuration-de-la-fonction-finance-2\\\/\",\"url\":\"https:\\\/\\\/www.congiu-advisory.fr\\\/index.php\\\/structuration-de-la-fonction-finance-2\\\/\",\"name\":\"Notre identit\u00e9 - CONGIU ADVISORY\",\"isPartOf\":{\"@id\":\"https:\\\/\\\/www.congiu-advisory.fr\\\/#website\"},\"primaryImageOfPage\":{\"@id\":\"https:\\\/\\\/www.congiu-advisory.fr\\\/index.php\\\/structuration-de-la-fonction-finance-2\\\/#primaryimage\"},\"image\":{\"@id\":\"https:\\\/\\\/www.congiu-advisory.fr\\\/index.php\\\/structuration-de-la-fonction-finance-2\\\/#primaryimage\"},\"thumbnailUrl\":\"https:\\\/\\\/www.congiu-advisory.fr\\\/wp-content\\\/uploads\\\/2026\\\/01\\\/mco-scaled.jpg\",\"datePublished\":\"2025-12-11T13:40:43+00:00\",\"dateModified\":\"2026-01-26T10:06:17+00:00\",\"breadcrumb\":{\"@id\":\"https:\\\/\\\/www.congiu-advisory.fr\\\/index.php\\\/structuration-de-la-fonction-finance-2\\\/#breadcrumb\"},\"inLanguage\":\"fr-FR\",\"potentialAction\":[{\"@type\":\"ReadAction\",\"target\":[\"https:\\\/\\\/www.congiu-advisory.fr\\\/index.php\\\/structuration-de-la-fonction-finance-2\\\/\"]}]},{\"@type\":\"ImageObject\",\"inLanguage\":\"fr-FR\",\"@id\":\"https:\\\/\\\/www.congiu-advisory.fr\\\/index.php\\\/structuration-de-la-fonction-finance-2\\\/#primaryimage\",\"url\":\"https:\\\/\\\/www.congiu-advisory.fr\\\/wp-content\\\/uploads\\\/2026\\\/01\\\/mco-scaled.jpg\",\"contentUrl\":\"https:\\\/\\\/www.congiu-advisory.fr\\\/wp-content\\\/uploads\\\/2026\\\/01\\\/mco-scaled.jpg\",\"width\":2048,\"height\":2560},{\"@type\":\"BreadcrumbList\",\"@id\":\"https:\\\/\\\/www.congiu-advisory.fr\\\/index.php\\\/structuration-de-la-fonction-finance-2\\\/#breadcrumb\",\"itemListElement\":[{\"@type\":\"ListItem\",\"position\":1,\"name\":\"Accueil\",\"item\":\"https:\\\/\\\/www.congiu-advisory.fr\\\/\"},{\"@type\":\"ListItem\",\"position\":2,\"name\":\"Notre identit\u00e9\"}]},{\"@type\":\"WebSite\",\"@id\":\"https:\\\/\\\/www.congiu-advisory.fr\\\/#website\",\"url\":\"https:\\\/\\\/www.congiu-advisory.fr\\\/\",\"name\":\"CONGIU ADVISORY\",\"description\":\"\",\"publisher\":{\"@id\":\"https:\\\/\\\/www.congiu-advisory.fr\\\/#organization\"},\"potentialAction\":[{\"@type\":\"SearchAction\",\"target\":{\"@type\":\"EntryPoint\",\"urlTemplate\":\"https:\\\/\\\/www.congiu-advisory.fr\\\/?s={search_term_string}\"},\"query-input\":{\"@type\":\"PropertyValueSpecification\",\"valueRequired\":true,\"valueName\":\"search_term_string\"}}],\"inLanguage\":\"fr-FR\"},{\"@type\":\"Organization\",\"@id\":\"https:\\\/\\\/www.congiu-advisory.fr\\\/#organization\",\"name\":\"CONGIU ADVISORY\",\"url\":\"https:\\\/\\\/www.congiu-advisory.fr\\\/\",\"logo\":{\"@type\":\"ImageObject\",\"inLanguage\":\"fr-FR\",\"@id\":\"https:\\\/\\\/www.congiu-advisory.fr\\\/#\\\/schema\\\/logo\\\/image\\\/\",\"url\":\"https:\\\/\\\/www.congiu-advisory.fr\\\/wp-content\\\/uploads\\\/2025\\\/11\\\/logo-congiu.png\",\"contentUrl\":\"https:\\\/\\\/www.congiu-advisory.fr\\\/wp-content\\\/uploads\\\/2025\\\/11\\\/logo-congiu.png\",\"width\":378,\"height\":71,\"caption\":\"CONGIU ADVISORY\"},\"image\":{\"@id\":\"https:\\\/\\\/www.congiu-advisory.fr\\\/#\\\/schema\\\/logo\\\/image\\\/\"}}]}<\/script>\n<!-- \/ Yoast SEO plugin. -->","yoast_head_json":{"title":"Notre identit\u00e9 - CONGIU ADVISORY","robots":{"index":"index","follow":"follow","max-snippet":"max-snippet:-1","max-image-preview":"max-image-preview:large","max-video-preview":"max-video-preview:-1"},"canonical":"https:\/\/www.congiu-advisory.fr\/index.php\/structuration-de-la-fonction-finance-2\/","og_locale":"fr_FR","og_type":"article","og_title":"Notre identit\u00e9 - CONGIU ADVISORY","og_description":"CONGIU ADVISORY est une soci\u00e9t\u00e9 sp\u00e9cialis\u00e9e dans l\u2019accompagnement financier op\u00e9rationnel des dirigeants et dirigeantes d\u2019entreprises. Elle est bas\u00e9e Paris. La soci\u00e9t\u00e9 a \u00e9t\u00e9 fond\u00e9e par Mickael CONGIU. Depuis plus de douze ans, il \u00e9volue aux c\u00f4t\u00e9s des entreprises, au c\u0153ur de leurs enjeux de pilotage et de d\u00e9cision. Son parcours d\u00e9bute en cabinet d\u2019expertise et [&hellip;]","og_url":"https:\/\/www.congiu-advisory.fr\/index.php\/structuration-de-la-fonction-finance-2\/","og_site_name":"CONGIU ADVISORY","article_modified_time":"2026-01-26T10:06:17+00:00","og_image":[{"width":2048,"height":2560,"url":"https:\/\/www.congiu-advisory.fr\/wp-content\/uploads\/2026\/01\/mco-scaled.jpg","type":"image\/jpeg"}],"twitter_card":"summary_large_image","twitter_misc":{"Dur\u00e9e de lecture estim\u00e9e":"2 minutes"},"schema":{"@context":"https:\/\/schema.org","@graph":[{"@type":"WebPage","@id":"https:\/\/www.congiu-advisory.fr\/index.php\/structuration-de-la-fonction-finance-2\/","url":"https:\/\/www.congiu-advisory.fr\/index.php\/structuration-de-la-fonction-finance-2\/","name":"Notre identit\u00e9 - CONGIU ADVISORY","isPartOf":{"@id":"https:\/\/www.congiu-advisory.fr\/#website"},"primaryImageOfPage":{"@id":"https:\/\/www.congiu-advisory.fr\/index.php\/structuration-de-la-fonction-finance-2\/#primaryimage"},"image":{"@id":"https:\/\/www.congiu-advisory.fr\/index.php\/structuration-de-la-fonction-finance-2\/#primaryimage"},"thumbnailUrl":"https:\/\/www.congiu-advisory.fr\/wp-content\/uploads\/2026\/01\/mco-scaled.jpg","datePublished":"2025-12-11T13:40:43+00:00","dateModified":"2026-01-26T10:06:17+00:00","breadcrumb":{"@id":"https:\/\/www.congiu-advisory.fr\/index.php\/structuration-de-la-fonction-finance-2\/#breadcrumb"},"inLanguage":"fr-FR","potentialAction":[{"@type":"ReadAction","target":["https:\/\/www.congiu-advisory.fr\/index.php\/structuration-de-la-fonction-finance-2\/"]}]},{"@type":"ImageObject","inLanguage":"fr-FR","@id":"https:\/\/www.congiu-advisory.fr\/index.php\/structuration-de-la-fonction-finance-2\/#primaryimage","url":"https:\/\/www.congiu-advisory.fr\/wp-content\/uploads\/2026\/01\/mco-scaled.jpg","contentUrl":"https:\/\/www.congiu-advisory.fr\/wp-content\/uploads\/2026\/01\/mco-scaled.jpg","width":2048,"height":2560},{"@type":"BreadcrumbList","@id":"https:\/\/www.congiu-advisory.fr\/index.php\/structuration-de-la-fonction-finance-2\/#breadcrumb","itemListElement":[{"@type":"ListItem","position":1,"name":"Accueil","item":"https:\/\/www.congiu-advisory.fr\/"},{"@type":"ListItem","position":2,"name":"Notre identit\u00e9"}]},{"@type":"WebSite","@id":"https:\/\/www.congiu-advisory.fr\/#website","url":"https:\/\/www.congiu-advisory.fr\/","name":"CONGIU ADVISORY","description":"","publisher":{"@id":"https:\/\/www.congiu-advisory.fr\/#organization"},"potentialAction":[{"@type":"SearchAction","target":{"@type":"EntryPoint","urlTemplate":"https:\/\/www.congiu-advisory.fr\/?s={search_term_string}"},"query-input":{"@type":"PropertyValueSpecification","valueRequired":true,"valueName":"search_term_string"}}],"inLanguage":"fr-FR"},{"@type":"Organization","@id":"https:\/\/www.congiu-advisory.fr\/#organization","name":"CONGIU ADVISORY","url":"https:\/\/www.congiu-advisory.fr\/","logo":{"@type":"ImageObject","inLanguage":"fr-FR","@id":"https:\/\/www.congiu-advisory.fr\/#\/schema\/logo\/image\/","url":"https:\/\/www.congiu-advisory.fr\/wp-content\/uploads\/2025\/11\/logo-congiu.png","contentUrl":"https:\/\/www.congiu-advisory.fr\/wp-content\/uploads\/2025\/11\/logo-congiu.png","width":378,"height":71,"caption":"CONGIU ADVISORY"},"image":{"@id":"https:\/\/www.congiu-advisory.fr\/#\/schema\/logo\/image\/"}}]}},"uagb_featured_image_src":{"full":false,"thumbnail":false,"medium":false,"medium_large":false,"large":false,"1536x1536":false,"2048x2048":false},"uagb_author_info":{"display_name":"admin7417","author_link":"https:\/\/www.congiu-advisory.fr\/author\/admin7417\/"},"uagb_comment_info":0,"uagb_excerpt":"CONGIU ADVISORY est une soci\u00e9t\u00e9 sp\u00e9cialis\u00e9e dans l\u2019accompagnement financier op\u00e9rationnel des dirigeants et dirigeantes d\u2019entreprises. Elle est bas\u00e9e Paris. La soci\u00e9t\u00e9 a \u00e9t\u00e9 fond\u00e9e par Mickael CONGIU. Depuis plus de douze ans, il \u00e9volue aux c\u00f4t\u00e9s des entreprises, au c\u0153ur de leurs enjeux de pilotage et de d\u00e9cision. Son parcours d\u00e9bute en cabinet d\u2019expertise et\u2026","_links":{"self":[{"href":"https:\/\/www.congiu-advisory.fr\/index.php\/wp-json\/wp\/v2\/pages\/494","targetHints":{"allow":["GET"]}}],"collection":[{"href":"https:\/\/www.congiu-advisory.fr\/index.php\/wp-json\/wp\/v2\/pages"}],"about":[{"href":"https:\/\/www.congiu-advisory.fr\/index.php\/wp-json\/wp\/v2\/types\/page"}],"author":[{"embeddable":true,"href":"https:\/\/www.congiu-advisory.fr\/index.php\/wp-json\/wp\/v2\/users\/1"}],"replies":[{"embeddable":true,"href":"https:\/\/www.congiu-advisory.fr\/index.php\/wp-json\/wp\/v2\/comments?post=494"}],"version-history":[{"count":70,"href":"https:\/\/www.congiu-advisory.fr\/index.php\/wp-json\/wp\/v2\/pages\/494\/revisions"}],"predecessor-version":[{"id":2626,"href":"https:\/\/www.congiu-advisory.fr\/index.php\/wp-json\/wp\/v2\/pages\/494\/revisions\/2626"}],"wp:attachment":[{"href":"https:\/\/www.congiu-advisory.fr\/index.php\/wp-json\/wp\/v2\/media?parent=494"}],"curies":[{"name":"wp","href":"https:\/\/api.w.org\/{rel}","templated":true}]}}